{"id":1511,"date":"2023-02-12T14:17:16","date_gmt":"2023-02-12T13:17:16","guid":{"rendered":"https:\/\/myfo.ink\/?page_id=1511"},"modified":"2023-06-13T16:03:13","modified_gmt":"2023-06-13T14:03:13","slug":"movie","status":"publish","type":"page","link":"https:\/\/myfo.ink\/en\/accueil\/portfolio\/movie\/","title":{"rendered":"V\u0336\u030a\u033f\u0302\u0307\u0357\u0354 \u0335\u0346\u0327\u0316\u0324i\u0334\u0300\u033f\u033e\u0339\u035f\u0324\u031dD\u0335\u031a\u030d\u0329\u0354 \u0336\u034b\u033e\u0314\u035d\u0311\u032a\u0316\u033b\u034eE\u0337\u0342\u0355O\u0337\u0342\u0327\u0332\u0353\u0321"},"content":{"rendered":"<p>[et_pb_section fb_built=\u00a0\u00bb1&Prime; admin_label=\u00a0\u00bbPage Title Section\u00a0\u00bb _builder_version=\u00a0\u00bb4.19.5&Prime; _module_preset=\u00a0\u00bbdefault\u00a0\u00bb use_background_color_gradient=\u00a0\u00bbon\u00a0\u00bb background_color_gradient_direction=\u00a0\u00bb120deg\u00a0\u00bb background_color_gradient_stops=\u00a0\u00bb#000000 0%|rgba(0,0,0,0) 100%\u00a0\u00bb background_color_gradient_overlays_image=\u00a0\u00bbon\u00a0\u00bb background_color_gradient_start=\u00a0\u00bb#000000&Prime; background_color_gradient_end=\u00a0\u00bbrgba(0,0,0,0)\u00a0\u00bb background_image=\u00a0\u00bbhttps:\/\/myfo.ink\/wp-content\/uploads\/2023\/02\/bandeau.jpg\u00a0\u00bb parallax=\u00a0\u00bbon\u00a0\u00bb parallax_method=\u00a0\u00bboff\u00a0\u00bb background_enable_video_webm=\u00a0\u00bboff\u00a0\u00bb module_alignment=\u00a0\u00bbleft\u00a0\u00bb custom_padding=\u00a0\u00bb110px||110px|\u00a0\u00bb global_colors_info=\u00a0\u00bb{}\u00a0\u00bb][et_pb_row column_structure=\u00a0\u00bb2_3,1_3&Prime; _builder_version=\u00a0\u00bb4.16&Prime; _module_preset=\u00a0\u00bbdefault\u00a0\u00bb background_size=\u00a0\u00bbinitial\u00a0\u00bb background_position=\u00a0\u00bbtop_left\u00a0\u00bb background_repeat=\u00a0\u00bbrepeat\u00a0\u00bb global_colors_info=\u00a0\u00bb{}\u00a0\u00bb][et_pb_column type=\u00a0\u00bb2_3&Prime; _builder_version=\u00a0\u00bb4.16&Prime; _module_preset=\u00a0\u00bbdefault\u00a0\u00bb custom_padding=\u00a0\u00bb|||\u00a0\u00bb global_colors_info=\u00a0\u00bb{}\u00a0\u00bb custom_padding__hover=\u00a0\u00bb|||\u00a0\u00bb][et_pb_text admin_label=\u00a0\u00bbTitle\u00a0\u00bb _builder_version=\u00a0\u00bb4.19.5&Prime; _module_preset=\u00a0\u00bbdefault\u00a0\u00bb text_font=\u00a0\u00bb||||||||\u00a0\u00bb header_font=\u00a0\u00bbPoppins|600|||||||\u00a0\u00bb header_font_size=\u00a0\u00bb60px\u00a0\u00bb header_line_height=\u00a0\u00bb1.2em\u00a0\u00bb header_2_font=\u00a0\u00bb||||||||\u00a0\u00bb header_2_font_size=\u00a0\u00bb60px\u00a0\u00bb background_layout=\u00a0\u00bbdark\u00a0\u00bb custom_margin=\u00a0\u00bb||20px|\u00a0\u00bb custom_padding=\u00a0\u00bb|||\u00a0\u00bb header_font_size_tablet=\u00a0\u00bb\u00a0\u00bb header_font_size_phone=\u00a0\u00bb40px\u00a0\u00bb header_font_size_last_edited=\u00a0\u00bbon|phone\u00a0\u00bb global_colors_info=\u00a0\u00bb{}\u00a0\u00bb]<\/p>\n<h1>V\u0336\u030a\u033f\u0302\u0307\u0357\u0354 \u0335\u0346\u0327\u0316\u0324i\u0334\u0300\u033f\u033e\u0339\u035f\u0324\u031dD\u0335\u031a\u030d\u0329\u0354 \u0336\u034b\u033e\u0314\u035d\u0311\u032a\u0316\u033b\u034eE\u0337\u0342\u0355O\u0337\u0342\u0327\u0332\u0353\u0321<\/h1>\n<p>[\/et_pb_text][et_pb_text admin_label=\u00a0\u00bbPage Subtitle\u00a0\u00bb _builder_version=\u00a0\u00bb4.19.5&Prime; _module_preset=\u00a0\u00bbdefault\u00a0\u00bb text_font=\u00a0\u00bbPoppins||||||||\u00a0\u00bb text_font_size=\u00a0\u00bb18px\u00a0\u00bb text_line_height=\u00a0\u00bb1.8em\u00a0\u00bb header_font=\u00a0\u00bb||||||||\u00a0\u00bb background_layout=\u00a0\u00bbdark\u00a0\u00bb global_colors_info=\u00a0\u00bb{}\u00a0\u00bb]<\/p>\n<p>Hold onto your eyeglasses !<br \/>This series of short films is the result of extreme data alteration, transforming well-known films into semi-abstract works.<\/p>\n<p>[\/et_pb_text][\/et_pb_column][et_pb_column type=\u00a0\u00bb1_3&Prime; _builder_version=\u00a0\u00bb4.16&Prime; _module_preset=\u00a0\u00bbdefault\u00a0\u00bb custom_padding=\u00a0\u00bb|||\u00a0\u00bb global_colors_info=\u00a0\u00bb{}\u00a0\u00bb custom_padding__hover=\u00a0\u00bb|||\u00a0\u00bb][\/et_pb_column][\/et_pb_row][\/et_pb_section][et_pb_section fb_built=\u00a0\u00bb1&Prime; _builder_version=\u00a0\u00bb4.17.4&Prime; _module_preset=\u00a0\u00bbdefault\u00a0\u00bb background_enable_color=\u00a0\u00bboff\u00a0\u00bb background_enable_mask_style=\u00a0\u00bbon\u00a0\u00bb background_mask_style=\u00a0\u00bbpaint\u00a0\u00bb background_mask_color=\u00a0\u00bb#F2EBE5&Prime; background_last_edited=\u00a0\u00bbon|desktop\u00a0\u00bb global_colors_info=\u00a0\u00bb{}\u00a0\u00bb background__hover_enabled=\u00a0\u00bbon|desktop\u00a0\u00bb][et_pb_row _builder_version=\u00a0\u00bb4.19.5&Prime; _module_preset=\u00a0\u00bbdefault\u00a0\u00bb global_colors_info=\u00a0\u00bb{}\u00a0\u00bb][et_pb_column type=\u00a0\u00bb4_4&Prime; _builder_version=\u00a0\u00bb4.19.5&Prime; _module_preset=\u00a0\u00bbdefault\u00a0\u00bb global_colors_info=\u00a0\u00bb{}\u00a0\u00bb][et_pb_text _builder_version=\u00a0\u00bb4.19.5&Prime; _module_preset=\u00a0\u00bbdefault\u00a0\u00bb global_colors_info=\u00a0\u00bb{}\u00a0\u00bb]<\/p>\n<p>Get ready for an unprecedented visual journey. In this series of short films, well-known movies are transformed into a visually stunning experience. Thanks to extreme data corruption, these familiar films become almost abstract.<\/p>\n<p>Video 1: The Watermelon Distortion - Based on the original work \"The Taste of Watermelon\" directed by Tsai Ming-liang, released in 2005.<br \/>Video 2: Glitchasia - Based on the original work \"Fantasia\" directed by Disney Studios, released in 1940.<br \/>Video 3: Psycho's Mind - Based on the original work \"American Psycho\" directed by Mary Harron, released in 2000.<\/p>\n<p>&nbsp;<\/p>\n<h4><strong>Warning !<\/strong> We recommend <strong>lowering the sound or completely turning it off.<\/strong> Due to the modifications made, the audio track may be very unpleasant to hear. <br \/>Additionally, <strong>the third video<\/strong> includes scenes that may be<strong> disturbing for younger viewers<\/strong>, such as violence and sex.<\/h4>\n<p>[\/et_pb_text][\/et_pb_column][\/et_pb_row][et_pb_row _builder_version=\u00a0\u00bb4.19.5&Prime; _module_preset=\u00a0\u00bbdefault\u00a0\u00bb global_colors_info=\u00a0\u00bb{}\u00a0\u00bb][et_pb_column type=\u00a0\u00bb4_4&Prime; _builder_version=\u00a0\u00bb4.19.5&Prime; _module_preset=\u00a0\u00bbdefault\u00a0\u00bb global_colors_info=\u00a0\u00bb{}\u00a0\u00bb][et_pb_video_slider show_image_overlay=\u00a0\u00bbon\u00a0\u00bb module_id=\u00a0\u00bbdivi-mute\u00a0\u00bb _builder_version=\u00a0\u00bb4.19.5&Prime; _module_preset=\u00a0\u00bbdefault\u00a0\u00bb global_colors_info=\u00a0\u00bb{}\u00a0\u00bb][et_pb_video_slider_item src_webm=\u00a0\u00bbhttps:\/\/myfo.ink\/wp-content\/uploads\/2023\/02\/la-distortion-de-la-pateque.webm\u00a0\u00bb image_src=\u00a0\u00bbhttps:\/\/myfo.ink\/wp-content\/uploads\/2023\/02\/la-distortion-de-la-pasteque-pic.jpg\u00a0\u00bb _builder_version=\u00a0\u00bb4.19.5&Prime; _module_preset=\u00a0\u00bbdefault\u00a0\u00bb global_colors_info=\u00a0\u00bb{}\u00a0\u00bb show_image_overlay=\u00a0\u00bbon\u00a0\u00bb][\/et_pb_video_slider_item][et_pb_video_slider_item src_webm=\u00a0\u00bbhttps:\/\/myfo.ink\/wp-content\/uploads\/2023\/02\/glitchasia.webm\u00a0\u00bb image_src=\u00a0\u00bbhttps:\/\/myfo.ink\/wp-content\/uploads\/2023\/02\/glitchasia-pic.jpg\u00a0\u00bb _builder_version=\u00a0\u00bb4.19.5&Prime; _module_preset=\u00a0\u00bbdefault\u00a0\u00bb global_colors_info=\u00a0\u00bb{}\u00a0\u00bb show_image_overlay=\u00a0\u00bbon\u00a0\u00bb][\/et_pb_video_slider_item][et_pb_video_slider_item src_webm=\u00a0\u00bbhttps:\/\/myfo.ink\/wp-content\/uploads\/2023\/02\/psychos-mind.webm\u00a0\u00bb image_src=\u00a0\u00bbhttps:\/\/myfo.ink\/wp-content\/uploads\/2023\/02\/pyschos-mind-pic.jpg\u00a0\u00bb _builder_version=\u00a0\u00bb4.19.5&Prime; _module_preset=\u00a0\u00bbdefault\u00a0\u00bb global_colors_info=\u00a0\u00bb{}\u00a0\u00bb show_image_overlay=\u00a0\u00bbon\u00a0\u00bb][\/et_pb_video_slider_item][\/et_pb_video_slider][\/et_pb_column][\/et_pb_row][\/et_pb_section][et_pb_section fb_built=\u00a0\u00bb1&Prime; admin_label=\u00a0\u00bbClasses Section\u00a0\u00bb _builder_version=\u00a0\u00bb4.19.5&Prime; _module_preset=\u00a0\u00bbdefault\u00a0\u00bb background_color=\u00a0\u00bb#2B262D\u00a0\u00bb custom_padding=\u00a0\u00bb91px||91px|\u00a0\u00bb global_colors_info=\u00a0\u00bb{}\u00a0\u00bb][et_pb_row admin_label=\u00a0\u00bbClass Area\u00a0\u00bb _builder_version=\u00a0\u00bb4.16&Prime; _module_preset=\u00a0\u00bbdefault\u00a0\u00bb custom_padding=\u00a0\u00bb60px|0px|60px|0px\u00a0\u00bb locked=\u00a0\u00bboff\u00a0\u00bb global_colors_info=\u00a0\u00bb{}\u00a0\u00bb][et_pb_column type=\u00a0\u00bb4_4&Prime; _builder_version=\u00a0\u00bb4.16&Prime; _module_preset=\u00a0\u00bbdefault\u00a0\u00bb custom_padding=\u00a0\u00bb|||\u00a0\u00bb global_colors_info=\u00a0\u00bb{}\u00a0\u00bb custom_padding__hover=\u00a0\u00bb|||\u00a0\u00bb][et_pb_text admin_label=\u00a0\u00bbTitle\u00a0\u00bb _builder_version=\u00a0\u00bb4.17.4&Prime; _module_preset=\u00a0\u00bbdefault\u00a0\u00bb text_font=\u00a0\u00bb||||||||\u00a0\u00bb header_font=\u00a0\u00bb||||||||\u00a0\u00bb header_2_font=\u00a0\u00bbPoppins|600|||||||\u00a0\u00bb header_2_text_align=\u00a0\u00bbcenter\u00a0\u00bb header_2_font_size=\u00a0\u00bb36px\u00a0\u00bb header_2_line_height=\u00a0\u00bb1.2em\u00a0\u00bb background_layout=\u00a0\u00bbdark\u00a0\u00bb custom_margin=\u00a0\u00bb||0px|\u00a0\u00bb animation_style=\u00a0\u00bbfade\u00a0\u00bb global_colors_info=\u00a0\u00bb{}\u00a0\u00bb]<\/p>\n<h2>Artistic approach<\/h2>\n<p>[\/et_pb_text][et_pb_divider color=\u00a0\u00bb#fdb467&Prime; divider_position=\u00a0\u00bbcenter\u00a0\u00bb divider_weight=\u00a0\u00bb3px\u00a0\u00bb _builder_version=\u00a0\u00bb4.19.5&Prime; _module_preset=\u00a0\u00bbdefault\u00a0\u00bb max_width=\u00a0\u00bb50px\u00a0\u00bb module_alignment=\u00a0\u00bbcenter\u00a0\u00bb animation_style=\u00a0\u00bbslide\u00a0\u00bb animation_direction=\u00a0\u00bbtop\u00a0\u00bb animation_intensity_slide=\u00a0\u00bb10%\u00a0\u00bb animation_starting_opacity=\u00a0\u00bb100%\u00a0\u00bb global_colors_info=\u00a0\u00bb{}\u00a0\u00bb][\/et_pb_divider][\/et_pb_column][\/et_pb_row][et_pb_row _builder_version=\u00a0\u00bb4.19.4&Prime; _module_preset=\u00a0\u00bbdefault\u00a0\u00bb global_colors_info=\u00a0\u00bb{}\u00a0\u00bb][et_pb_column type=\u00a0\u00bb4_4&Prime; _builder_version=\u00a0\u00bb4.19.4&Prime; _module_preset=\u00a0\u00bbdefault\u00a0\u00bb global_colors_info=\u00a0\u00bb{}\u00a0\u00bb][et_pb_text _builder_version=\u00a0\u00bb4.19.5&Prime; _module_preset=\u00a0\u00bbdefault\u00a0\u00bb text_font=\u00a0\u00bbLato||||||||\u00a0\u00bb text_text_color=\u00a0\u00bb#B3DEE5&Prime; custom_margin=\u00a0\u00bb||80px||false|false\u00a0\u00bb custom_margin_tablet=\u00a0\u00bb||80px||false|false\u00a0\u00bb custom_margin_phone=\u00a0\u00bb||80px||false|false\u00a0\u00bb custom_margin_last_edited=\u00a0\u00bbon|phone\u00a0\u00bb global_colors_info=\u00a0\u00bb{}\u00a0\u00bb]<\/p>\n<div class=\"flex flex-grow flex-col gap-3\">\n<div class=\"min-h-[20px] flex flex-col items-start gap-4 whitespace-pre-wrap\">\n<div class=\"flex flex-grow flex-col gap-3\">\n<div class=\"min-h-[20px] flex flex-col items-start gap-4 whitespace-pre-wrap\">\n<div class=\"markdown prose w-full break-words dark:prose-invert light\">\n<p>In creating these three films, I wanted to revisit classic movies by transforming them into a unique and original work. I started by selecting the scenes I wanted to highlight to create a new story. Then, I manipulated the files to create transitions and repetition effects that distort the image, pushing it to the brink of legibility.<\/p>\n<p>The goal of this project was to create an ecstatic vision that can only be achieved through glitches. It reminds me of my youth, when I made the mistake of sticking a magnet on an old cathode ray television at my grandmother's house. I didn't know what I was doing at the time, but I remember being awestruck by the beauty of the images forming in front of me. All those glitches, those surreal colors in perfect overlapping layers marked my life. With this project, I sought to reconnect with this secret memory and share my unique vision with the world.<\/p>\n<\/div>\n<\/div>\n<\/div>\n<\/div>\n<\/div>\n<p>[\/et_pb_text][et_pb_divider color=\u00a0\u00bb#fdb467&Prime; divider_position=\u00a0\u00bbcenter\u00a0\u00bb divider_weight=\u00a0\u00bb3px\u00a0\u00bb _builder_version=\u00a0\u00bb4.19.5&Prime; _module_preset=\u00a0\u00bbdefault\u00a0\u00bb max_width=\u00a0\u00bb50px\u00a0\u00bb module_alignment=\u00a0\u00bbcenter\u00a0\u00bb animation_style=\u00a0\u00bbslide\u00a0\u00bb animation_direction=\u00a0\u00bbtop\u00a0\u00bb animation_intensity_slide=\u00a0\u00bb10%\u00a0\u00bb animation_starting_opacity=\u00a0\u00bb100%\u00a0\u00bb global_colors_info=\u00a0\u00bb{}\u00a0\u00bb][\/et_pb_divider][\/et_pb_column][\/et_pb_row][et_pb_row column_structure=\u00a0\u00bb1_2,1_2&Prime; _builder_version=\u00a0\u00bb4.19.5&Prime; _module_preset=\u00a0\u00bbdefault\u00a0\u00bb global_colors_info=\u00a0\u00bb{}\u00a0\u00bb][et_pb_column type=\u00a0\u00bb1_2&Prime; _builder_version=\u00a0\u00bb4.19.5&Prime; _module_preset=\u00a0\u00bbdefault\u00a0\u00bb global_colors_info=\u00a0\u00bb{}\u00a0\u00bb][et_pb_button button_url=\u00a0\u00bb@ET-DC@eyJkeW5hbWljIjp0cnVlLCJjb250ZW50IjoiaG9tZV91cmwiLCJzZXR0aW5ncyI6e319@\u00a0\u00bb button_text=\u00a0\u00bbRetour \u00e0 l&rsquo;accueil\u00a0\u00bb _builder_version=\u00a0\u00bb4.19.5&Prime; _dynamic_attributes=\u00a0\u00bbbutton_url\u00a0\u00bb _module_preset=\u00a0\u00bbdefault\u00a0\u00bb global_colors_info=\u00a0\u00bb{}\u00a0\u00bb][\/et_pb_button][\/et_pb_column][et_pb_column type=\u00a0\u00bb1_2&Prime; _builder_version=\u00a0\u00bb4.19.5&Prime; _module_preset=\u00a0\u00bbdefault\u00a0\u00bb global_colors_info=\u00a0\u00bb{}\u00a0\u00bb][et_pb_button button_url=\u00a0\u00bb@ET-DC@eyJkeW5hbWljIjp0cnVlLCJjb250ZW50IjoicG9zdF9saW5rX3VybF9wYWdlIiwic2V0dGluZ3MiOnsicG9zdF9pZCI6IjExMjgifX0=@\u00a0\u00bb button_text=\u00a0\u00bbQuoi ?\u00a0\u00bb _builder_version=\u00a0\u00bb4.19.5&Prime; _dynamic_attributes=\u00a0\u00bbbutton_url\u00a0\u00bb _module_preset=\u00a0\u00bbdefault\u00a0\u00bb global_colors_info=\u00a0\u00bb{}\u00a0\u00bb][\/et_pb_button][\/et_pb_column][\/et_pb_row][\/et_pb_section]<\/p>","protected":false},"excerpt":{"rendered":"<p>V\u0336\u030a\u033f\u0302\u0307\u0357\u0354 \u0335\u0346\u0327\u0316\u0324i\u0334\u0300\u033f\u033e\u0339\u035f\u0324\u031dD\u0335\u031a\u030d\u0329\u0354 \u0336\u034b\u033e\u0314\u035d\u0311\u032a\u0316\u033b\u034eE\u0337\u0342\u0355O\u0337\u0342\u0327\u0332\u0353\u0321Accrochez vous \u00e0 vos mirettes !Cette s\u00e9rie de courts m\u00e9trages est le r\u00e9sultat d&rsquo;une alt\u00e9ration extr\u00eame de donn\u00e9es, qui a transform\u00e9 des films connus en \u0153uvres semi-abstraites.Pr\u00e9parez-vous pour un voyage visuel in\u00e9dit. Dans cette s\u00e9rie de courts m\u00e9trages, des films connus sont transform\u00e9s en une exp\u00e9rience visuelle \u00e0 couper le souffle. Gr\u00e2ce \u00e0 [&hellip;]<\/p>","protected":false},"author":1,"featured_media":0,"parent":1128,"menu_order":0,"comment_status":"closed","ping_status":"closed","template":"","meta":{"_et_pb_use_builder":"on","_et_pb_old_content":"","_et_gb_content_width":"","footnotes":""},"class_list":["post-1511","page","type-page","status-publish","hentry"],"jetpack_sharing_enabled":true,"jetpack-related-posts":[],"_links":{"self":[{"href":"https:\/\/myfo.ink\/en\/wp-json\/wp\/v2\/pages\/1511","targetHints":{"allow":["GET"]}}],"collection":[{"href":"https:\/\/myfo.ink\/en\/wp-json\/wp\/v2\/pages"}],"about":[{"href":"https:\/\/myfo.ink\/en\/wp-json\/wp\/v2\/types\/page"}],"author":[{"embeddable":true,"href":"https:\/\/myfo.ink\/en\/wp-json\/wp\/v2\/users\/1"}],"replies":[{"embeddable":true,"href":"https:\/\/myfo.ink\/en\/wp-json\/wp\/v2\/comments?post=1511"}],"version-history":[{"count":14,"href":"https:\/\/myfo.ink\/en\/wp-json\/wp\/v2\/pages\/1511\/revisions"}],"predecessor-version":[{"id":1547,"href":"https:\/\/myfo.ink\/en\/wp-json\/wp\/v2\/pages\/1511\/revisions\/1547"}],"up":[{"embeddable":true,"href":"https:\/\/myfo.ink\/en\/wp-json\/wp\/v2\/pages\/1128"}],"wp:attachment":[{"href":"https:\/\/myfo.ink\/en\/wp-json\/wp\/v2\/media?parent=1511"}],"curies":[{"name":"wp","href":"https:\/\/api.w.org\/{rel}","templated":true}]}}