{"id":1369,"date":"2023-02-04T00:13:23","date_gmt":"2023-02-03T23:13:23","guid":{"rendered":"https:\/\/myfo.ink\/?page_id=1369"},"modified":"2023-06-13T15:11:59","modified_gmt":"2023-06-13T13:11:59","slug":"a-propos","status":"publish","type":"page","link":"https:\/\/myfo.ink\/en\/accueil\/a-propos\/","title":{"rendered":"Who ?"},"content":{"rendered":"<p>[et_pb_section fb_built=\u00a0\u00bb1&Prime; _builder_version=\u00a0\u00bb4.19.5&Prime; _module_preset=\u00a0\u00bbdefault\u00a0\u00bb global_colors_info=\u00a0\u00bb{}\u00a0\u00bb][et_pb_row column_structure=\u00a0\u00bb1_3,2_3&Prime; _builder_version=\u00a0\u00bb4.19.5&Prime; _module_preset=\u00a0\u00bbdefault\u00a0\u00bb custom_margin=\u00a0\u00bb40px||||false|false\u00a0\u00bb global_colors_info=\u00a0\u00bb{}\u00a0\u00bb][et_pb_column type=\u00a0\u00bb1_3&Prime; _builder_version=\u00a0\u00bb4.19.5&Prime; _module_preset=\u00a0\u00bbdefault\u00a0\u00bb global_colors_info=\u00a0\u00bb{}\u00a0\u00bb][et_pb_image src=\u00a0\u00bbhttps:\/\/myfo.ink\/wp-content\/uploads\/2023\/01\/jimmy-dinolfo-myfo-atelier-du-cerfav.jpg\u00a0\u00bb alt=\u00a0\u00bbJimmy Dinolfo alias MYFO dans l&rsquo;atelier du Cerfav\u00a0\u00bb title_text=\u00a0\u00bbJimmy Dinolfo | MYFO &#8211; Atelier du Cerfav\u00a0\u00bb _builder_version=\u00a0\u00bb4.19.5&Prime; _module_preset=\u00a0\u00bbdefault\u00a0\u00bb global_colors_info=\u00a0\u00bb{}\u00a0\u00bb][\/et_pb_image][\/et_pb_column][et_pb_column type=\u00a0\u00bb2_3&Prime; _builder_version=\u00a0\u00bb4.19.5&Prime; _module_preset=\u00a0\u00bbdefault\u00a0\u00bb global_colors_info=\u00a0\u00bb{}\u00a0\u00bb][et_pb_text _builder_version=\u00a0\u00bb4.19.5&Prime; _module_preset=\u00a0\u00bbdefault\u00a0\u00bb custom_padding=\u00a0\u00bb3px|||||\u00a0\u00bb global_colors_info=\u00a0\u00bb{}\u00a0\u00bb]<\/p>\n<h2>MYFO | Multidisciplinary artist with a fertile imagination.<\/h2>\n<p>[\/et_pb_text][et_pb_text _builder_version=\u00a0\u00bb4.19.5&Prime; _module_preset=\u00a0\u00bbdefault\u00a0\u00bb global_colors_info=\u00a0\u00bb{}\u00a0\u00bb]<\/p>\n<p>Welcome to my artist's website, I am a multidisciplinary artist with eclectic talents. With a fertile imagination and insatiable curiosity, I explore the themes of humanity, spirituality, and alternative futures through my works. Let yourself be carried away by the unique universes I create, where each work is an invitation to reflection and discovery.<\/p>\n<p>[\/et_pb_text][et_pb_text _builder_version=\u00a0\u00bb4.19.5&Prime; _module_preset=\u00a0\u00bbdefault\u00a0\u00bb global_colors_info=\u00a0\u00bb{}\u00a0\u00bb]<\/p>\n<p>To learn more about my artistic journey and the defining moments of my life, click the link below to follow my journey in detail or discover a concise overview of my story written by ChatGPT!<\/p>\n<p>[\/et_pb_text][et_pb_button button_url=\u00a0\u00bb@ET-DC@eyJkeW5hbWljIjp0cnVlLCJjb250ZW50IjoicG9zdF9saW5rX3VybF9wYWdlIiwic2V0dGluZ3MiOnsicG9zdF9pZCI6IjEzODAifX0=@\u00a0\u00bb button_text=\u00a0\u00bbCheminement artistique\u00a0\u00bb button_alignment=\u00a0\u00bbcenter\u00a0\u00bb _builder_version=\u00a0\u00bb4.19.5&Prime; _dynamic_attributes=\u00a0\u00bbbutton_url\u00a0\u00bb _module_preset=\u00a0\u00bbdefault\u00a0\u00bb custom_margin=\u00a0\u00bb50px||||false|false\u00a0\u00bb global_colors_info=\u00a0\u00bb{}\u00a0\u00bb][\/et_pb_button][\/et_pb_column][\/et_pb_row][et_pb_row column_structure=\u00a0\u00bb1_4,3_4&Prime; _builder_version=\u00a0\u00bb4.20.0&Prime; _module_preset=\u00a0\u00bbdefault\u00a0\u00bb background_color=\u00a0\u00bbrgba(179,222,229,0.38)\u00a0\u00bb custom_margin=\u00a0\u00bb65px||||false|false\u00a0\u00bb custom_css_before=\u00a0\u00bbdisplay : flex\u00a0\u00bb global_colors_info=\u00a0\u00bb{}\u00a0\u00bb custom_css_before_last_edited=\u00a0\u00bbon|tablet\u00a0\u00bb custom_css_before_tablet=\u00a0\u00bbdisplay : flex\u00a0\u00bb custom_css_before_phone=\u00a0\u00bbdisplay : flex\u00a0\u00bb][et_pb_column type=\u00a0\u00bb1_4&Prime; _builder_version=\u00a0\u00bb4.20.0&Prime; _module_preset=\u00a0\u00bbdefault\u00a0\u00bb global_colors_info=\u00a0\u00bb{}\u00a0\u00bb][et_pb_image src=\u00a0\u00bbhttps:\/\/myfo.ink\/wp-content\/uploads\/2023\/01\/nova-300&#215;300.png\u00a0\u00bb alt=\u00a0\u00bbAvatar Android\u00a0\u00bb title_text=\u00a0\u00bbNova\u00a0\u00bb align=\u00a0\u00bbcenter\u00a0\u00bb _builder_version=\u00a0\u00bb4.21.0&Prime; _module_preset=\u00a0\u00bbdefault\u00a0\u00bb custom_margin=\u00a0\u00bb|||30px|false|false\u00a0\u00bb custom_margin_tablet=\u00a0\u00bb|||30px|false|false\u00a0\u00bb custom_margin_phone=\u00a0\u00bb|0px||0px|false|false\u00a0\u00bb custom_margin_last_edited=\u00a0\u00bbon|phone\u00a0\u00bb border_radii=\u00a0\u00bbon|230px|230px|230px|230px\u00a0\u00bb global_colors_info=\u00a0\u00bb{}\u00a0\u00bb hover_enabled=\u00a0\u00bb0&Prime; sticky_enabled=\u00a0\u00bb0&Prime;][\/et_pb_image][\/et_pb_column][et_pb_column type=\u00a0\u00bb3_4&Prime; _builder_version=\u00a0\u00bb4.20.0&Prime; _module_preset=\u00a0\u00bbdefault\u00a0\u00bb global_colors_info=\u00a0\u00bb{}\u00a0\u00bb][et_pb_text _builder_version=\u00a0\u00bb4.20.0&Prime; _module_preset=\u00a0\u00bbdefault\u00a0\u00bb custom_margin=\u00a0\u00bb|50px|||false|false\u00a0\u00bb global_colors_info=\u00a0\u00bb{}\u00a0\u00bb]<\/p>\n<p style=\"text-align: justify;\">Myfo's path is a remarkable journey through the various realms of art.\nIt all started in 2011, when he enrolled in the fine arts faculty. Upon arrival, he became involved in the cultural and artistic life of the university by joining the student association \"Cleb'art\", which allowed him to set up events, exhibitions and mediate.<\/p>\n<p style=\"text-align: justify;\">In 2008, Myfo showcased his talent as a volunteer graphic designer and game designer for the future studio DreamIRL. This volunteer work allowed him to prove himself and build a strong portfolio. In 2015, he participated in his first collaborative exhibition as a set designer and exhibitor on the theme of BAZAR.<\/p>\n<p style=\"text-align: justify;\">After obtaining his degree in 2017, he continued to explore different territories by working freelance and participating in numerous cultural projects. With friends, he created and set up the horror show and a haunted house for a bar in Metz. In 2018, he won second prize in the Graff Battle at the Scy-Chazelles urban art contest.<\/p>\n<p style=\"text-align: justify;\">In 2020, he began his glass arts training and took initiation workshops at Meisenthal and Fusioverre. The following year, he earned the Glass Arts and Techniques Certificate with a Stained Glass option, and continued to enhance his professional skills as an independent by taking advanced workshops with renowned stained glass artists and plastic artists.<\/p>\n<p style=\"text-align: justify;\">In 2022, he graduated as a glass artist at cerfav and participated in the Apoph\u00e9nie exhibition at the Basilica Saint Vincent in Metz, where he presented a series of modern stained glass windows and a series of futuristic glass paintings. Every step of this artistic journey is marked by a constant commitment to exploring new techniques and engaging in new projects, making him a determined and passionate artist.<\/p>\n<p style=\"text-align: justify;\"><strong><\/strong><\/p>\n<p style=\"text-align: justify;\"><a href=\"https:\/\/myfo.ink\/en\/nova\/\"><strong>Nova<\/strong><\/a><br \/>Myfo's artistic journey<\/p>\n<p>[\/et_pb_text][\/et_pb_column][\/et_pb_row][et_pb_row _builder_version=\u00a0\u00bb4.19.5&Prime; _module_preset=\u00a0\u00bbdefault\u00a0\u00bb global_colors_info=\u00a0\u00bb{}\u00a0\u00bb][et_pb_column type=\u00a0\u00bb4_4&Prime; _builder_version=\u00a0\u00bb4.19.5&Prime; _module_preset=\u00a0\u00bbdefault\u00a0\u00bb global_colors_info=\u00a0\u00bb{}\u00a0\u00bb][et_pb_divider color=\u00a0\u00bb#B3DEE5&Prime; divider_style=\u00a0\u00bbdotted\u00a0\u00bb divider_weight=\u00a0\u00bb2px\u00a0\u00bb _builder_version=\u00a0\u00bb4.19.5&Prime; _module_preset=\u00a0\u00bbdefault\u00a0\u00bb background_enable_color=\u00a0\u00bboff\u00a0\u00bb custom_margin=\u00a0\u00bb50px|100px|30px|100px|false|true\u00a0\u00bb global_colors_info=\u00a0\u00bb{}\u00a0\u00bb][\/et_pb_divider][\/et_pb_column][\/et_pb_row][et_pb_row column_structure=\u00a0\u00bb3_4,1_4&Prime; _builder_version=\u00a0\u00bb4.19.5&Prime; _module_preset=\u00a0\u00bbdefault\u00a0\u00bb custom_margin=\u00a0\u00bb||50px||false|false\u00a0\u00bb global_colors_info=\u00a0\u00bb{}\u00a0\u00bb][et_pb_column type=\u00a0\u00bb3_4&Prime; _builder_version=\u00a0\u00bb4.19.5&Prime; _module_preset=\u00a0\u00bbdefault\u00a0\u00bb global_colors_info=\u00a0\u00bb{}\u00a0\u00bb][et_pb_text _builder_version=\u00a0\u00bb4.19.5&Prime; _module_preset=\u00a0\u00bbdefault\u00a0\u00bb global_colors_info=\u00a0\u00bb{}\u00a0\u00bb]<\/p>\n<h2>Artistic approach<\/h2>\n<p>[\/et_pb_text][et_pb_text _builder_version=\u00a0\u00bb4.19.5&Prime; _module_preset=\u00a0\u00bbdefault\u00a0\u00bb global_colors_info=\u00a0\u00bb{}\u00a0\u00bb]<\/p>\n<div class=\"flex flex-grow flex-col gap-3\">\n<div class=\"min-h-[20px] flex flex-col items-start gap-4 whitespace-pre-wrap\">\n<div class=\"markdown prose w-full break-words dark:prose-invert light\">\n<p>I am a nonconformist artist who likes to challenge norms and explore issues from all angles. My goal is to understand how the world works, using science, faith and everything in between. I use my intuition to imagine humanity's future and develop my inner universe.<\/p>\n<p>I passionately explore a variety of mediums and techniques, allowing me to bring my fertile imagination to life. I believe the meaning of a work, its message, is more important than aesthetics and I strive to make the beauty of a work serve the message above all else. I don't hesitate to subtly include a part of my knowledge in my works and tell a story to those who know how to observe and understand.<\/p>\n<p>My artistic work lies between realism and symbolism. I refuse to use any support to assist me and rely on my talent developed through learning and hard work. I am determined to continue to evolve and grow as an artist, exploring new ideas and experimenting with different media and techniques.<\/p>\n<\/div>\n<\/div>\n<\/div>\n<p>[\/et_pb_text][\/et_pb_column][et_pb_column type=\u00a0\u00bb1_4&Prime; _builder_version=\u00a0\u00bb4.19.5&Prime; _module_preset=\u00a0\u00bbdefault\u00a0\u00bb global_colors_info=\u00a0\u00bb{}\u00a0\u00bb][et_pb_image src=\u00a0\u00bbhttps:\/\/myfo.ink\/wp-content\/uploads\/2023\/02\/lucid-dream-exposition.jpg\u00a0\u00bb title_text=\u00a0\u00bbIMG_20220624_154228&Prime; _builder_version=\u00a0\u00bb4.19.5&Prime; _module_preset=\u00a0\u00bbdefault\u00a0\u00bb custom_margin=\u00a0\u00bb30px||||false|false\u00a0\u00bb global_colors_info=\u00a0\u00bb{}\u00a0\u00bb][\/et_pb_image][\/et_pb_column][\/et_pb_row][\/et_pb_section][et_pb_section fb_built=\u00a0\u00bb1&Prime; _builder_version=\u00a0\u00bb4.19.5&Prime; _module_preset=\u00a0\u00bbdefault\u00a0\u00bb background_image=\u00a0\u00bbhttps:\/\/myfo.ink\/wp-content\/uploads\/2022\/06\/spray-painting-panorama-de-l-espace-3-la-ronde-enivrante.jpg\u00a0\u00bb parallax=\u00a0\u00bbon\u00a0\u00bb global_colors_info=\u00a0\u00bb{}\u00a0\u00bb][et_pb_row _builder_version=\u00a0\u00bb4.19.5&Prime; _module_preset=\u00a0\u00bbdefault\u00a0\u00bb global_colors_info=\u00a0\u00bb{}\u00a0\u00bb][et_pb_column type=\u00a0\u00bb4_4&Prime; _builder_version=\u00a0\u00bb4.19.5&Prime; _module_preset=\u00a0\u00bbdefault\u00a0\u00bb global_colors_info=\u00a0\u00bb{}\u00a0\u00bb][\/et_pb_column][\/et_pb_row][\/et_pb_section][et_pb_section fb_built=\u00a0\u00bb1&Prime; _builder_version=\u00a0\u00bb4.19.5&Prime; _module_preset=\u00a0\u00bbdefault\u00a0\u00bb global_colors_info=\u00a0\u00bb{}\u00a0\u00bb][et_pb_row column_structure=\u00a0\u00bb1_3,2_3&Prime; _builder_version=\u00a0\u00bb4.20.0&Prime; _module_preset=\u00a0\u00bbdefault\u00a0\u00bb custom_margin=\u00a0\u00bb60px||||false|false\u00a0\u00bb custom_css_main_element=\u00a0\u00bbdisplay:flex\u00a0\u00bb global_colors_info=\u00a0\u00bb{}\u00a0\u00bb][et_pb_column type=\u00a0\u00bb1_3&Prime; _builder_version=\u00a0\u00bb4.19.5&Prime; _module_preset=\u00a0\u00bbdefault\u00a0\u00bb global_colors_info=\u00a0\u00bb{}\u00a0\u00bb][et_pb_image src=\u00a0\u00bbhttps:\/\/myfo.ink\/wp-content\/uploads\/2023\/02\/2171-zoomed.jpg\u00a0\u00bb title_text=\u00a0\u00bbJimmy_7159&Prime; disabled_on=\u00a0\u00bboff|off|off\u00a0\u00bb _builder_version=\u00a0\u00bb4.20.0&Prime; _module_preset=\u00a0\u00bbdefault\u00a0\u00bb custom_margin=\u00a0\u00bb|||-130px|false|false\u00a0\u00bb custom_margin_tablet=\u00a0\u00bb|20px||-115px|false|false\u00a0\u00bb custom_margin_phone=\u00a0\u00bb|20px||-45px|false|false\u00a0\u00bb custom_margin_last_edited=\u00a0\u00bbon|phone\u00a0\u00bb global_colors_info=\u00a0\u00bb{}\u00a0\u00bb][\/et_pb_image][\/et_pb_column][et_pb_column type=\u00a0\u00bb2_3&Prime; _builder_version=\u00a0\u00bb4.19.5&Prime; _module_preset=\u00a0\u00bbdefault\u00a0\u00bb global_colors_info=\u00a0\u00bb{}\u00a0\u00bb][et_pb_text _builder_version=\u00a0\u00bb4.19.5&Prime; _module_preset=\u00a0\u00bbdefault\u00a0\u00bb global_colors_info=\u00a0\u00bb{}\u00a0\u00bb]<\/p>\n<h2>Influences and technical work.<\/h2>\n<p>[\/et_pb_text][et_pb_text _builder_version=\u00a0\u00bb4.19.5&Prime; _module_preset=\u00a0\u00bbdefault\u00a0\u00bb global_colors_info=\u00a0\u00bb{}\u00a0\u00bb]<\/p>\n<p style=\"margin-bottom: 0cm; line-height: 100%;\">My passion for drawing started very young, as far back as I can remember I always liked to doodle monsters in the margins of my notebooks.<br \/>As I grew up, manga and comic books became a great source of inspiration, both for their graphical power and expression of lines, as well as for the stories and universes that this medium offers. Among the great artists who have inspired me, I would particularly mention Katsuhiro Otomo, the author of \"Akira,\" who, besides his unique style, has made me dream with the universe he created. As a French artist who has had as much impact on me and for the same reasons, Mathieu Bablet is a master, both in his storytelling and in the dream-like expression that is visually expressed.<\/p>\n<p style=\"margin-bottom: 0cm; line-height: 100%;\">\n<p style=\"margin-bottom: 0cm; line-height: 100%;\">My adolescence introduced me to the world of street art, with a fascination for Parisian artists such as Blek le Rat or Ernest Pignon-Ernest to name a few. The intention of freedom, the visual impact of this form of art that seems to have the power to change the public's way of thinking, I have a great love for this spray can that had the power to awaken people's consciousness.<\/p>\n<p style=\"margin-bottom: 0cm; line-height: 100%;\">\n<p style=\"margin-bottom: 0cm; line-height: 100%;\">My interest in glass led me to study as a stained glass artist where I also got to experiment with lost wax glass sculpture.<br \/>Pascal Rieu, from the workshop \"l'artisan du vitrail,\" has successfully modernized and combined a modern style with a millennial technique, and has directly influenced my work in terms of the need to assert one's personality through their creations. Across the Atlantic, artist Judith Schaechter had the same effect on me, and her punk spirit is elevated by a unique technique and the magic of glass.<\/p>\n<p style=\"margin-bottom: 0cm; line-height: 100%;\">\n<p style=\"margin-bottom: 0cm; line-height: 100%;\">Finally, painting remains the technique that fascinates me the most, especially oil painting, which for me, exudes a sacred aura, which immortalizes the vision of artists and transcends time.<br \/>Roberto Ferri revives the techniques of the great painters of the Renaissance, and I can only be in admiration of his treatment of bodies, with a biting realism, and the symbolism that emerges from it.<br \/>On a more unconventional note, the paintings of Zdislav Beksinski have greatly stimulated my imagination. I was stunned by the strange yet coherent universe that he conveys in his paintings.<\/p>\n<p style=\"margin-bottom: 0cm; line-height: 100%;\">Through these artists and techniques, I explore my inner world and express it in as many ways as possible and necessary.<\/p>\n<p style=\"margin-bottom: 0cm; line-height: 100%;\">Like a sailor following the North Star, I navigate this creative ocean with passion and devotion.<\/p>\n<p>[\/et_pb_text][\/et_pb_column][\/et_pb_row][et_pb_row _builder_version=\u00a0\u00bb4.19.5&Prime; _module_preset=\u00a0\u00bbdefault\u00a0\u00bb global_colors_info=\u00a0\u00bb{}\u00a0\u00bb][et_pb_column type=\u00a0\u00bb4_4&Prime; _builder_version=\u00a0\u00bb4.19.5&Prime; _module_preset=\u00a0\u00bbdefault\u00a0\u00bb global_colors_info=\u00a0\u00bb{}\u00a0\u00bb][et_pb_divider color=\u00a0\u00bb#B3DEE5&Prime; divider_style=\u00a0\u00bbdotted\u00a0\u00bb divider_weight=\u00a0\u00bb2px\u00a0\u00bb _builder_version=\u00a0\u00bb4.19.5&Prime; _module_preset=\u00a0\u00bbdefault\u00a0\u00bb background_enable_color=\u00a0\u00bboff\u00a0\u00bb custom_margin=\u00a0\u00bb50px|100px|30px|100px|false|true\u00a0\u00bb global_colors_info=\u00a0\u00bb{}\u00a0\u00bb][\/et_pb_divider][\/et_pb_column][\/et_pb_row][\/et_pb_section][et_pb_section fb_built=\u00a0\u00bb1&Prime; _builder_version=\u00a0\u00bb4.19.5&Prime; _module_preset=\u00a0\u00bbdefault\u00a0\u00bb global_colors_info=\u00a0\u00bb{}\u00a0\u00bb][et_pb_row _builder_version=\u00a0\u00bb4.19.5&Prime; _module_preset=\u00a0\u00bbdefault\u00a0\u00bb custom_margin=\u00a0\u00bb||40px||false|false\u00a0\u00bb global_colors_info=\u00a0\u00bb{}\u00a0\u00bb][et_pb_column type=\u00a0\u00bb4_4&Prime; _builder_version=\u00a0\u00bb4.19.5&Prime; _module_preset=\u00a0\u00bbdefault\u00a0\u00bb global_colors_info=\u00a0\u00bb{}\u00a0\u00bb][et_pb_text _builder_version=\u00a0\u00bb4.19.5&Prime; _module_preset=\u00a0\u00bbdefault\u00a0\u00bb global_colors_info=\u00a0\u00bb{}\u00a0\u00bb]<\/p>\n<p>Thank you for taking the time to read my artistic journey !<\/p>\n<p>I hope you learned a bit more about me and my motivations. If you'd like to know more or just say hello, don't hesitate to reach out by clicking on \"Where?\"<\/p>\n<p>I am always eager to discuss my art and build new relationships !<\/p>\n<p>[\/et_pb_text][\/et_pb_column][\/et_pb_row][et_pb_row column_structure=\u00a0\u00bb1_2,1_2&Prime; _builder_version=\u00a0\u00bb4.19.5&Prime; _module_preset=\u00a0\u00bbdefault\u00a0\u00bb global_colors_info=\u00a0\u00bb{}\u00a0\u00bb][et_pb_column type=\u00a0\u00bb1_2&Prime; _builder_version=\u00a0\u00bb4.19.5&Prime; _module_preset=\u00a0\u00bbdefault\u00a0\u00bb global_colors_info=\u00a0\u00bb{}\u00a0\u00bb][et_pb_button button_url=\u00a0\u00bb@ET-DC@eyJkeW5hbWljIjp0cnVlLCJjb250ZW50IjoiaG9tZV91cmwiLCJzZXR0aW5ncyI6e319@\u00a0\u00bb button_text=\u00a0\u00bbAccueil\u00a0\u00bb button_alignment=\u00a0\u00bbcenter\u00a0\u00bb _builder_version=\u00a0\u00bb4.19.5&Prime; _dynamic_attributes=\u00a0\u00bbbutton_url\u00a0\u00bb _module_preset=\u00a0\u00bbdefault\u00a0\u00bb global_colors_info=\u00a0\u00bb{}\u00a0\u00bb][\/et_pb_button][\/et_pb_column][et_pb_column type=\u00a0\u00bb1_2&Prime; _builder_version=\u00a0\u00bb4.19.5&Prime; _module_preset=\u00a0\u00bbdefault\u00a0\u00bb global_colors_info=\u00a0\u00bb{}\u00a0\u00bb][et_pb_button button_url=\u00a0\u00bb@ET-DC@eyJkeW5hbWljIjp0cnVlLCJjb250ZW50IjoicG9zdF9saW5rX3VybF9wYWdlIiwic2V0dGluZ3MiOnsicG9zdF9pZCI6IjExMzQifX0=@\u00a0\u00bb button_text=\u00a0\u00bbO\u00f9 ?\u00a0\u00bb button_alignment=\u00a0\u00bbcenter\u00a0\u00bb _builder_version=\u00a0\u00bb4.19.5&Prime; _dynamic_attributes=\u00a0\u00bbbutton_url\u00a0\u00bb _module_preset=\u00a0\u00bbdefault\u00a0\u00bb global_colors_info=\u00a0\u00bb{}\u00a0\u00bb][\/et_pb_button][\/et_pb_column][\/et_pb_row][\/et_pb_section]<\/p>","protected":false},"excerpt":{"rendered":"<p>MYFO | Artiste pluridisciplinaire \u00e0 l&rsquo;imagination fertileBienvenue sur mon site d&rsquo;artiste, je suis un artiste pluridisciplinaire aux talents \u00e9clectiques. Avec un imaginaire fertile et une curiosit\u00e9 insatiable, j&rsquo;explore les th\u00e8mes de l&rsquo;humanit\u00e9, de la spiritualit\u00e9 et des futurs alternatifs \u00e0 travers mes \u0153uvres. Laissez-vous emporter par les univers singuliers que je cr\u00e9e, o\u00f9 chaque \u0153uvre [&hellip;]<\/p>","protected":false},"author":1,"featured_media":0,"parent":38,"menu_order":0,"comment_status":"closed","ping_status":"closed","template":"","meta":{"_et_pb_use_builder":"on","_et_pb_old_content":"","_et_gb_content_width":"","footnotes":""},"class_list":["post-1369","page","type-page","status-publish","hentry"],"jetpack_sharing_enabled":true,"jetpack-related-posts":[],"_links":{"self":[{"href":"https:\/\/myfo.ink\/en\/wp-json\/wp\/v2\/pages\/1369","targetHints":{"allow":["GET"]}}],"collection":[{"href":"https:\/\/myfo.ink\/en\/wp-json\/wp\/v2\/pages"}],"about":[{"href":"https:\/\/myfo.ink\/en\/wp-json\/wp\/v2\/types\/page"}],"author":[{"embeddable":true,"href":"https:\/\/myfo.ink\/en\/wp-json\/wp\/v2\/users\/1"}],"replies":[{"embeddable":true,"href":"https:\/\/myfo.ink\/en\/wp-json\/wp\/v2\/comments?post=1369"}],"version-history":[{"count":33,"href":"https:\/\/myfo.ink\/en\/wp-json\/wp\/v2\/pages\/1369\/revisions"}],"predecessor-version":[{"id":1924,"href":"https:\/\/myfo.ink\/en\/wp-json\/wp\/v2\/pages\/1369\/revisions\/1924"}],"up":[{"embeddable":true,"href":"https:\/\/myfo.ink\/en\/wp-json\/wp\/v2\/pages\/38"}],"wp:attachment":[{"href":"https:\/\/myfo.ink\/en\/wp-json\/wp\/v2\/media?parent=1369"}],"curies":[{"name":"wp","href":"https:\/\/api.w.org\/{rel}","templated":true}]}}