{"id":1085,"date":"2023-01-17T19:00:23","date_gmt":"2023-01-17T18:00:23","guid":{"rendered":"https:\/\/myfo.ink\/?page_id=1085"},"modified":"2023-06-13T15:17:08","modified_gmt":"2023-06-13T13:17:08","slug":"mentions-legales","status":"publish","type":"page","link":"https:\/\/myfo.ink\/en\/mentions-legales\/","title":{"rendered":"Legal notice"},"content":{"rendered":"<p>[et_pb_section fb_built=\u00a0\u00bb1&Prime; _builder_version=\u00a0\u00bb4.19.4&Prime; _module_preset=\u00a0\u00bbdefault\u00a0\u00bb global_colors_info=\u00a0\u00bb{}\u00a0\u00bb][et_pb_row _builder_version=\u00a0\u00bb4.19.4&Prime; _module_preset=\u00a0\u00bbdefault\u00a0\u00bb global_colors_info=\u00a0\u00bb{}\u00a0\u00bb][et_pb_column type=\u00a0\u00bb4_4&Prime; _builder_version=\u00a0\u00bb4.19.4&Prime; _module_preset=\u00a0\u00bbdefault\u00a0\u00bb global_colors_info=\u00a0\u00bb{}\u00a0\u00bb][et_pb_text _builder_version=\u00a0\u00bb4.19.4&Prime; _module_preset=\u00a0\u00bbdefault\u00a0\u00bb min_height=\u00a0\u00bb723px\u00a0\u00bb global_colors_info=\u00a0\u00bb{}\u00a0\u00bb]<\/p>\n<h1>Legal notice<\/h1>\n<p>&nbsp;<\/p>\n<p>&nbsp;<\/p>\n<h3>1. Site Introduction<\/h3>\n<p>The website accessible at the address<a href=\"https:\/\/myfo.ink\/en\/\"> https:\/\/myfo.ink\/<\/a> is edited by Jimmy Dinolfo, an individual company registered with the INSEE under number SIRET 913 569 059 00011 and declared to the Urssaf as a self-employed artist author.<br \/>Our contact address is : <a href=\"mailto:contact@myfo.ink\">contact@myfo.ink<\/a><\/p>\n<p>&nbsp;<\/p>\n<h3>2. Publisher<\/h3>\n<p>The publisher of the website is Jimmy Dinolfo.<\/p>\n<p>&nbsp;<\/p>\n<h3>3. Host<\/h3>\n<p>The site is hosted by <a href=\"https:\/\/www.infomaniak.com\">Infomaniak<\/a> whose head office is located in Les Acacias, Geneva, Switzerland.<\/p>\n<p>&nbsp;<\/p>\n<h3>4. Terms of use<\/h3>\n<p>The use of the site is subject to the following terms of use :<\/p>\n<p style=\"padding-left: 40px;\">- The content of the site, including images, texts, videos, is the exclusive property of the artist and may not be used without his written permission.<br \/>- Any reproduction, representation, use or modification, by whatever means and on whatever support, of all or part of the site, of all or part of the various elements that compose it, without prior authorization from the artist, is strictly prohibited and constitutes a counterfeiting offense.<br \/>- The artist cannot be held responsible for any direct or indirect damages caused to the user's material, during access to the site, resulting from either the use of a material not meeting the specifications mentioned above or the occurrence of a bug or incompatibility.<br \/>- The artist reserves the right to take legal action against anyone who does not respect the prohibitions mentioned above.<\/p>\n<h3><\/h3>\n<h3><\/h3>\n<h3>5. Intellectual property<\/h3>\n<p>The trademarks, logos, signs as well as all the contents of the site (texts, images, sound...) are subject to protection by the Intellectual Property Code and more particularly by copyright law.<\/p>\n<p>&nbsp;<\/p>\n<h3>6. Links and hypertext<\/h3>\n<p>The site may contain hypertext links to other sites on the Internet. Links to these other resources will take you away from the site. It is possible to create a link to the homepage of this site without the express authorization of the artist.<\/p>\n<p>&nbsp;<\/p>\n<h3>7. Liability<\/h3>\n<p>The information and documents contained on this site are for information purposes only and are not exhaustive. They are provided subject to modifications that have been made since they were put online. In addition, the artist cannot be held liable for any direct or indirect damages, of any kind, causes, origins, nature or consequences, caused as a result of any individual accessing the site or being unable to access it, as well as the use of the site and\/or credit given to any information coming directly or indirectly from it.<\/p>\n<div class=\"flex flex-grow flex-col gap-3\">\n<div class=\"min-h-[20px] flex flex-col items-start gap-4 whitespace-pre-wrap\">\n<div class=\"markdown prose w-full break-words dark:prose-invert light\">\n<p style=\"padding-left: 40px;\">1. Applicable law and competent jurisdiction : Any dispute relating to the use of the site is subject to French law. Exclusive jurisdiction is given to the competent courts of Metz.<br \/>2. Contact : For any questions or requests for additional information, you can contact the artist at the address <a href=\"mailto:contact@myfo.ink\">contact@myfo.ink<\/a><\/p>\n<\/div>\n<\/div>\n<\/div>\n<p>[\/et_pb_text][\/et_pb_column][\/et_pb_row][et_pb_row _builder_version=\u00a0\u00bb4.19.4&Prime; _module_preset=\u00a0\u00bbdefault\u00a0\u00bb global_colors_info=\u00a0\u00bb{}\u00a0\u00bb][et_pb_column type=\u00a0\u00bb4_4&Prime; _builder_version=\u00a0\u00bb4.19.4&Prime; _module_preset=\u00a0\u00bbdefault\u00a0\u00bb global_colors_info=\u00a0\u00bb{}\u00a0\u00bb][et_pb_text _builder_version=\u00a0\u00bb4.19.4&Prime; _module_preset=\u00a0\u00bbdefault\u00a0\u00bb min_height=\u00a0\u00bb723px\u00a0\u00bb global_colors_info=\u00a0\u00bb{}\u00a0\u00bb custom_padding=\u00a0\u00bb150px|||||\u00a0\u00bb]<\/p>\n<h1>Privacy Policy<\/h1>\n<div class=\"flex flex-grow flex-col gap-3\">\n<div class=\"min-h-[20px] flex flex-col items-start gap-4 whitespace-pre-wrap\">\n<div class=\"markdown prose w-full break-words dark:prose-invert light\">\n<p>&nbsp;<\/p>\n<p>&nbsp;<\/p>\n<h3>1. Collection of personal data<\/h3>\n<p>When you use our website, we may collect information about you such as your name, email address, postal address and telephone number. This information is collected when you fill out a contact form, subscribe to our newsletter or make an order.<\/p>\n<p>&nbsp;<\/p>\n<h3>2. Use of personal data<\/h3>\n<p>The collected information is used for :<\/p>\n<p style=\"padding-left: 40px;\">- Sending you information about our artworks and events<br \/>- Managing orders and payments<br \/>- Contacting you if necessary<\/p>\n<p style=\"padding-left: 40px;\">\n<p style=\"padding-left: 40px;\">\n<h3>3. Sharing of personal data<\/h3>\n<p>We will never share your personal information with third parties unless it is required by law or to protect our rights.<\/p>\n<p>&nbsp;<\/p>\n<p>&nbsp;<\/p>\n<h3>4. Data security<\/h3>\n<\/div>\n<div class=\"markdown prose w-full break-words dark:prose-invert light\">\n<p>We take security measures to protect your information from loss, misuse, and alteration. Only authorized employees have access to your information and they are required to maintain the confidentiality of this information.<\/p>\n<p>&nbsp;<\/p>\n<h3>5. Cookies<\/h3>\n<p>Our site is so fresh it doesn't need cookies to remember you !<\/p>\n<p>&nbsp;<\/p>\n<h3>6. Access, rectification and opposition rights<\/h3>\n<p>In accordance with current regulations, you have the right of access, rectification, and opposition to information concerning you. To exercise these rights, please contact us at the address <a href=\"mailto:contact@myfo.ink\">contact@myfo.ink<\/a><\/p>\n<p>&nbsp;<\/p>\n<h3>Changes to the Privacy Policy<\/h3>\n<p>We reserve the right to modify this privacy policy at any time. The changes will take effect immediately upon posting on our site.<\/p>\n<p>&nbsp;<\/p>\n<\/div>\n<\/div>\n<\/div>\n<p>[\/et_pb_text][\/et_pb_column][\/et_pb_row][\/et_pb_section]<\/p>","protected":false},"excerpt":{"rendered":"<p>Mentions l\u00e9gales &nbsp; &nbsp; 1. Pr\u00e9sentation du site Le site Internet accessible \u00e0 l&rsquo;adresse https:\/\/myfo.ink\/ est \u00e9dit\u00e9 par Jimmy Dinolfo, une entreprise individuelle immatricul\u00e9e aupr\u00e8s de l&rsquo;Insee sous le num\u00e9ro SIRET 913 569 059 00011 et d\u00e9clar\u00e9e aupr\u00e8s de l&rsquo;Urssaf en tant qu&rsquo;auto-entrepreneur exer\u00e7ant une activit\u00e9 d&rsquo;artiste auteur.Notre adresse de contact est : contact@myfo.ink &nbsp; [&hellip;]<\/p>","protected":false},"author":1,"featured_media":0,"parent":0,"menu_order":0,"comment_status":"closed","ping_status":"closed","template":"","meta":{"_et_pb_use_builder":"on","_et_pb_old_content":"","_et_gb_content_width":"","footnotes":""},"class_list":["post-1085","page","type-page","status-publish","hentry"],"jetpack_sharing_enabled":true,"jetpack-related-posts":[],"_links":{"self":[{"href":"https:\/\/myfo.ink\/en\/wp-json\/wp\/v2\/pages\/1085","targetHints":{"allow":["GET"]}}],"collection":[{"href":"https:\/\/myfo.ink\/en\/wp-json\/wp\/v2\/pages"}],"about":[{"href":"https:\/\/myfo.ink\/en\/wp-json\/wp\/v2\/types\/page"}],"author":[{"embeddable":true,"href":"https:\/\/myfo.ink\/en\/wp-json\/wp\/v2\/users\/1"}],"replies":[{"embeddable":true,"href":"https:\/\/myfo.ink\/en\/wp-json\/wp\/v2\/comments?post=1085"}],"version-history":[{"count":7,"href":"https:\/\/myfo.ink\/en\/wp-json\/wp\/v2\/pages\/1085\/revisions"}],"predecessor-version":[{"id":1214,"href":"https:\/\/myfo.ink\/en\/wp-json\/wp\/v2\/pages\/1085\/revisions\/1214"}],"wp:attachment":[{"href":"https:\/\/myfo.ink\/en\/wp-json\/wp\/v2\/media?parent=1085"}],"curies":[{"name":"wp","href":"https:\/\/api.w.org\/{rel}","templated":true}]}}